{"id":7389,"date":"2025-10-11T17:23:52","date_gmt":"2025-10-11T20:23:52","guid":{"rendered":"https:\/\/xn--ensearlapatagonia-ixb.com.ar\/sitio\/?post_type=product&#038;p=7389"},"modified":"2025-11-16T16:09:33","modified_gmt":"2025-11-16T19:09:33","slug":"pueblos-indigenas-reconocimientos-avances-y-deudas-pendientes-1940-2024","status":"publish","type":"product","link":"https:\/\/xn--ensearlapatagonia-ixb.com.ar\/sitio\/producto\/pueblos-indigenas-reconocimientos-avances-y-deudas-pendientes-1940-2024\/","title":{"rendered":"Pueblos ind\u00edgenas, reconocimientos, avances y deudas pendientes (1940-2024)"},"content":{"rendered":"<div class=\"woocommerce-product-details__short-description\">\n<p><span class=\"selectable-text copyable-text xkrh14z\">\u00abPueblos ind\u00edgenas, reconocimientos, avances deudas pendientes (1940-2024)\u00bb describe la presencia ind\u00edgena en nuestro pa\u00eds entre 1940 y el 2024, y brinda informaci\u00f3n accesible a un p\u00fablico m\u00e1s amplio que el acad\u00e9mico. Por ello, busca servir de soporte tanto para \u00e1mbitos educativos como para espacios dedicados a la implementaci\u00f3n de pol\u00edticas p\u00fablicas. <\/span><\/p>\n<p><span class=\"selectable-text copyable-text xkrh14z\">Es un libro realizado en forma colectiva, que se enmarca en proyectos de investigaci\u00f3n y extensi\u00f3n de distintas universidades e instituciones. Sus p\u00e1ginas son el resultado del trabajo colaborativo entre investigadoras e investigadores de distintas disciplinas (antropolog\u00eda, sociolog\u00eda, historia, derecho, etc.) y representantes de comunidades ind\u00edgenas. El objetivo es explicar, con ejemplos a lo largo de la historia, diferentes procesos y problem\u00e1ticas de los pueblos ind\u00edgenas. <\/span><\/p>\n<p><span class=\"selectable-text copyable-text xkrh14z\">Los lectores se encontrar\u00e1n con informaci\u00f3n sobre aspectos desconocidos, vinculados con reclamos al Estado por vulneraci\u00f3n de derechos, procesos organizativos por territorio e identidad, entre los principales. Adem\u00e1s, se comparten nuevas miradas para comprender los procesos de resistencia de los pueblos originarios frente al Estado y las diferentes estrategias de supervivencia que fueron dise\u00f1ando a lo largo de los a\u00f1os .<\/span><\/p>\n<\/div>\n<form class=\"cart\" action=\"https:\/\/xn--ensearlapatagonia-ixb.com.ar\/sitio\/producto\/pueblos-indigenas-reconocimientos-avances-y-deudas-pendientes-1940-2024-sofia-varisco-ariel-esteban-padin-y-sebastian-valverde-comp\/\" enctype=\"multipart\/form-data\" method=\"post\"><\/form>\n","protected":false},"excerpt":{"rendered":"<p><span style=\"font-weight: 400;\">Este libro se describe la presencia ind\u00edgena en nuestro pa\u00eds entre 1940 y el 2024, y brinda informaci\u00f3n accesible al p\u00fablico en general.\u00a0<\/span><\/p>\n<p><span style=\"font-weight: 400;\">Es un libro realizado en forma colectiva y que se enmarca en proyectos de investigaci\u00f3n y extensi\u00f3n de distintas universidades e instituciones. Sus p\u00e1ginas <\/span><span style=\"font-weight: 400;\">son el resultado del trabajo colaborativo entre investigadoras e investigadores de distintas disciplinas (antropolog\u00eda, sociolog\u00eda, historia, derecho, etc.) y\u00a0 representantes de comunidades ind\u00edgenas.<\/span><\/p>\n","protected":false},"featured_media":8255,"template":"","meta":{"_acf_changed":false},"product_brand":[],"product_cat":[191],"product_tag":[],"class_list":{"0":"post-7389","1":"product","2":"type-product","3":"status-publish","4":"has-post-thumbnail","6":"product_cat-de-interes-general","8":"first","9":"instock","10":"shipping-taxable","11":"purchasable","12":"product-type-simple"},"acf":[],"_links":{"self":[{"href":"https:\/\/xn--ensearlapatagonia-ixb.com.ar\/sitio\/wp-json\/wp\/v2\/product\/7389","targetHints":{"allow":["GET"]}}],"collection":[{"href":"https:\/\/xn--ensearlapatagonia-ixb.com.ar\/sitio\/wp-json\/wp\/v2\/product"}],"about":[{"href":"https:\/\/xn--ensearlapatagonia-ixb.com.ar\/sitio\/wp-json\/wp\/v2\/types\/product"}],"version-history":[{"count":5,"href":"https:\/\/xn--ensearlapatagonia-ixb.com.ar\/sitio\/wp-json\/wp\/v2\/product\/7389\/revisions"}],"predecessor-version":[{"id":8631,"href":"https:\/\/xn--ensearlapatagonia-ixb.com.ar\/sitio\/wp-json\/wp\/v2\/product\/7389\/revisions\/8631"}],"wp:featuredmedia":[{"embeddable":true,"href":"https:\/\/xn--ensearlapatagonia-ixb.com.ar\/sitio\/wp-json\/wp\/v2\/media\/8255"}],"wp:attachment":[{"href":"https:\/\/xn--ensearlapatagonia-ixb.com.ar\/sitio\/wp-json\/wp\/v2\/media?parent=7389"}],"wp:term":[{"taxonomy":"product_brand","embeddable":true,"href":"https:\/\/xn--ensearlapatagonia-ixb.com.ar\/sitio\/wp-json\/wp\/v2\/product_brand?post=7389"},{"taxonomy":"product_cat","embeddable":true,"href":"https:\/\/xn--ensearlapatagonia-ixb.com.ar\/sitio\/wp-json\/wp\/v2\/product_cat?post=7389"},{"taxonomy":"product_tag","embeddable":true,"href":"https:\/\/xn--ensearlapatagonia-ixb.com.ar\/sitio\/wp-json\/wp\/v2\/product_tag?post=7389"}],"curies":[{"name":"wp","href":"https:\/\/api.w.org\/{rel}","templated":true}]}}