{"id":6064,"date":"2025-09-26T15:59:12","date_gmt":"2025-09-26T18:59:12","guid":{"rendered":"https:\/\/xn--ensearlapatagonia-ixb.com.ar\/sitio\/?post_type=product&#038;p=6064"},"modified":"2026-02-04T14:34:59","modified_gmt":"2026-02-04T17:34:59","slug":"patagonia","status":"publish","type":"product","link":"https:\/\/xn--ensearlapatagonia-ixb.com.ar\/sitio\/producto\/patagonia\/","title":{"rendered":"Patagonia"},"content":{"rendered":"<p><span style=\"font-weight: 400;\">Un recorrido completo y profundo por la Patagonia argentina: su pasado, su presente, sus paisajes, sus protagonistas, sus problem\u00e1ticas actuales. <\/span><\/p>\n<p><span style=\"font-weight: 400;\">Un viaje apasionante para quienes quieran conocer la cara visible y tambi\u00e9n el lado oculto de este territorio maravilloso. Mapas actualizados, fuentes hist\u00f3ricas, ilustrado con las mejores fotos hist\u00f3ricas y actuales. <\/span><\/p>\n","protected":false},"excerpt":{"rendered":"<p><span style=\"font-weight: 400;\">Un recorrido completo y profundo por la Patagonia argentina: su pasado, su presente, sus paisajes, sus protagonistas, sus problem\u00e1ticas actuales. <\/span><\/p>\n<p><span style=\"font-weight: 400;\">Un viaje apasionante para quienes quieran conocer la cara visible y tambi\u00e9n el lado oculto de este territorio maravilloso. Mapas actualizados, fuentes hist\u00f3ricas, ilustrado con las mejores fotos hist\u00f3ricas y actuales. <\/span><\/p>\n","protected":false},"featured_media":6923,"template":"","meta":{"_acf_changed":false},"product_brand":[],"product_cat":[191,33,35,31],"product_tag":[53,46,21,19,20,40,54,55,56],"class_list":{"0":"post-6064","1":"product","2":"type-product","3":"status-publish","4":"has-post-thumbnail","6":"product_cat-de-interes-general","7":"product_cat-educacion","8":"product_cat-geografia","9":"product_cat-historia","10":"product_tag-chubut","11":"product_tag-geografia","12":"product_tag-historia","13":"product_tag-neuquen","14":"product_tag-patagonia","15":"product_tag-rio-negro","16":"product_tag-rutas","17":"product_tag-santa-cruz","18":"product_tag-tierra-del-fuego","20":"first","21":"instock","22":"shipping-taxable","23":"purchasable","24":"product-type-simple"},"acf":[],"_links":{"self":[{"href":"https:\/\/xn--ensearlapatagonia-ixb.com.ar\/sitio\/wp-json\/wp\/v2\/product\/6064","targetHints":{"allow":["GET"]}}],"collection":[{"href":"https:\/\/xn--ensearlapatagonia-ixb.com.ar\/sitio\/wp-json\/wp\/v2\/product"}],"about":[{"href":"https:\/\/xn--ensearlapatagonia-ixb.com.ar\/sitio\/wp-json\/wp\/v2\/types\/product"}],"version-history":[{"count":3,"href":"https:\/\/xn--ensearlapatagonia-ixb.com.ar\/sitio\/wp-json\/wp\/v2\/product\/6064\/revisions"}],"predecessor-version":[{"id":7386,"href":"https:\/\/xn--ensearlapatagonia-ixb.com.ar\/sitio\/wp-json\/wp\/v2\/product\/6064\/revisions\/7386"}],"wp:featuredmedia":[{"embeddable":true,"href":"https:\/\/xn--ensearlapatagonia-ixb.com.ar\/sitio\/wp-json\/wp\/v2\/media\/6923"}],"wp:attachment":[{"href":"https:\/\/xn--ensearlapatagonia-ixb.com.ar\/sitio\/wp-json\/wp\/v2\/media?parent=6064"}],"wp:term":[{"taxonomy":"product_brand","embeddable":true,"href":"https:\/\/xn--ensearlapatagonia-ixb.com.ar\/sitio\/wp-json\/wp\/v2\/product_brand?post=6064"},{"taxonomy":"product_cat","embeddable":true,"href":"https:\/\/xn--ensearlapatagonia-ixb.com.ar\/sitio\/wp-json\/wp\/v2\/product_cat?post=6064"},{"taxonomy":"product_tag","embeddable":true,"href":"https:\/\/xn--ensearlapatagonia-ixb.com.ar\/sitio\/wp-json\/wp\/v2\/product_tag?post=6064"}],"curies":[{"name":"wp","href":"https:\/\/api.w.org\/{rel}","templated":true}]}}