{"id":6060,"date":"2025-09-26T15:59:12","date_gmt":"2025-09-26T18:59:12","guid":{"rendered":"https:\/\/xn--ensearlapatagonia-ixb.com.ar\/sitio\/?post_type=product&#038;p=6060"},"modified":"2026-02-04T14:37:29","modified_gmt":"2026-02-04T17:37:29","slug":"rio-negro-los-caminos-de-la-historia-tomos-i-y-ii","status":"publish","type":"product","link":"https:\/\/xn--ensearlapatagonia-ixb.com.ar\/sitio\/producto\/rio-negro-los-caminos-de-la-historia-tomos-i-y-ii\/","title":{"rendered":"R\u00edo Negro, los caminos de la historia. Tomos I y II"},"content":{"rendered":"<p>\u00abR\u00edo Negro, los caminos de la historia\u00bb intenta reconstruir en forma integral una historia rionegrina que abarque desde su pasado m\u00e1s remoto hasta el presente, desde una perspectiva que enlace las dimensiones pol\u00edtica, social, econ\u00f3mica y cultural. La obra est\u00e1 compuesta por dos tomos, pero constituye una \u00fanica unidad de sentido: los temas no siguen un estricto orden cronol\u00f3gico, sino que se organizan en funci\u00f3n de explicar, desde una mirada hist\u00f3rica relacional, problemas vinculados al pasado rionegrino.<\/p>\n<p>Se trata de un trabajo de s\u00edntesis y compilaci\u00f3n. En ese sentido, \u00abR\u00edo Negro, los caminos de la historia\u00bb de cuenta de los estudios de un n\u00famero muy importante de investigadores e investigadoras regionales de las m\u00e1s diversas disciplinas y perspectivas, lo que otorga a esta obra un car\u00e1cter interdisciplinario e integrador.<\/p>\n","protected":false},"excerpt":{"rendered":"<p>\u00abR\u00edo Negro, los caminos de la historia\u00bb intenta reconstruir en forma integral una historia rionegrina que abarque desde su pasado m\u00e1s remoto hasta el presente, desde una perspectiva que enlace las dimensiones pol\u00edtica, social, econ\u00f3mica y cultural. La obra est\u00e1 compuesta por dos tomos, pero constituye una \u00fanica unidad de sentido: los temas no siguen un estricto orden cronol\u00f3gico, sino que se organizan en funci\u00f3n de explicar, desde una mirada hist\u00f3rica relacional, problemas vinculados al pasado rionegrino.<\/p>\n","protected":false},"featured_media":6077,"template":"","meta":{"_acf_changed":false},"product_brand":[],"product_cat":[191],"product_tag":[],"class_list":{"0":"post-6060","1":"product","2":"type-product","3":"status-publish","4":"has-post-thumbnail","6":"product_cat-de-interes-general","8":"first","9":"instock","10":"shipping-taxable","11":"purchasable","12":"product-type-simple"},"acf":[],"_links":{"self":[{"href":"https:\/\/xn--ensearlapatagonia-ixb.com.ar\/sitio\/wp-json\/wp\/v2\/product\/6060","targetHints":{"allow":["GET"]}}],"collection":[{"href":"https:\/\/xn--ensearlapatagonia-ixb.com.ar\/sitio\/wp-json\/wp\/v2\/product"}],"about":[{"href":"https:\/\/xn--ensearlapatagonia-ixb.com.ar\/sitio\/wp-json\/wp\/v2\/types\/product"}],"version-history":[{"count":5,"href":"https:\/\/xn--ensearlapatagonia-ixb.com.ar\/sitio\/wp-json\/wp\/v2\/product\/6060\/revisions"}],"predecessor-version":[{"id":7647,"href":"https:\/\/xn--ensearlapatagonia-ixb.com.ar\/sitio\/wp-json\/wp\/v2\/product\/6060\/revisions\/7647"}],"wp:featuredmedia":[{"embeddable":true,"href":"https:\/\/xn--ensearlapatagonia-ixb.com.ar\/sitio\/wp-json\/wp\/v2\/media\/6077"}],"wp:attachment":[{"href":"https:\/\/xn--ensearlapatagonia-ixb.com.ar\/sitio\/wp-json\/wp\/v2\/media?parent=6060"}],"wp:term":[{"taxonomy":"product_brand","embeddable":true,"href":"https:\/\/xn--ensearlapatagonia-ixb.com.ar\/sitio\/wp-json\/wp\/v2\/product_brand?post=6060"},{"taxonomy":"product_cat","embeddable":true,"href":"https:\/\/xn--ensearlapatagonia-ixb.com.ar\/sitio\/wp-json\/wp\/v2\/product_cat?post=6060"},{"taxonomy":"product_tag","embeddable":true,"href":"https:\/\/xn--ensearlapatagonia-ixb.com.ar\/sitio\/wp-json\/wp\/v2\/product_tag?post=6060"}],"curies":[{"name":"wp","href":"https:\/\/api.w.org\/{rel}","templated":true}]}}