{"id":6059,"date":"2025-09-26T15:59:12","date_gmt":"2025-09-26T18:59:12","guid":{"rendered":"https:\/\/xn--ensearlapatagonia-ixb.com.ar\/sitio\/?post_type=product&#038;p=6059"},"modified":"2026-02-04T14:37:42","modified_gmt":"2026-02-04T17:37:42","slug":"el-pueblo-mapuce-una-nacion","status":"publish","type":"product","link":"https:\/\/xn--ensearlapatagonia-ixb.com.ar\/sitio\/producto\/el-pueblo-mapuce-una-nacion\/","title":{"rendered":"El pueblo mapuce, una naci\u00f3n"},"content":{"rendered":"<p><span style=\"font-weight: 400;\">\u201c<\/span><b><i>El pueblo Mapuce, una naci\u00f3n\u201d<\/i><\/b><span style=\"font-weight: 400;\"> acerca al p\u00fablico en general una mirada integral y al mismo tiempo sint\u00e9tica, sobre la historia, la cosmovisi\u00f3n y la situaci\u00f3n actual del pueblo mapuce en Argentina. <\/span><\/p>\n<p><span style=\"font-weight: 400;\">Dice Marcelo Valko en el pr\u00f3logo: <\/span><b><i>\u201cEl Pueblo Mapuce, una naci\u00f3n\u201d<\/i><\/b><i><span style=\"font-weight: 400;\"> utiliza una prosa clara y directa que facilita al lector que se asoma por primera vez a esta problem\u00e1tica a tomarse de un hilo conductor n\u00edtido y a la vez contundente que le permite interiorizarse sobre una serie de cuestiones como la concepci\u00f3n de la sabidur\u00eda ancestral, la percepci\u00f3n mapuce acerca de salud y enfermedad (\u2026) la vivencia de la temporalidad c\u00edclica agraria y terrenal que apunta al equilibrio y armon\u00eda con el entorno en lugar del saqueo extractivo, adentrarse en ceremonias como el Guillatun o los cantos sagrados e incluso en la comprensi\u00f3n de la wenufoye (\u2026) El libro nos conduce por esa senda y constituye sin duda una herramienta de recuperaci\u00f3n de newen, de la energ\u00eda proporcionada por la ancestralidad y el territorio y se inscribe en un proceso de rescate identitario que se produce en ambos lados de la cordillera (\u2026)\u201d <\/span><\/i><\/p>\n<p><span style=\"font-weight: 400;\">Este trabajo de investigaci\u00f3n propone un viaje por la otra historia, la que habitualmente no se cuenta, no se escribe y no se reivindica salvo raras excepciones. La idea surgi\u00f3 del enorme desconocimiento existente sobre la naci\u00f3n mapuce, e intenta visibilizar, entre otros aspectos, su concepci\u00f3n de la vida, su sabidur\u00eda ancestral, la discriminaci\u00f3n y\u00a0 marginaci\u00f3n que sufren como pueblo y, tambi\u00e9n, la estigmatizaci\u00f3n de su lucha.<\/span><span style=\"font-weight: 400;\">\u00a0<\/span><\/p>\n","protected":false},"excerpt":{"rendered":"<p><span style=\"font-weight: 400;\">\u201c<\/span><b><i>El pueblo Mapuce, una naci\u00f3n\u201d<\/i><\/b><span style=\"font-weight: 400;\"> acerca al p\u00fablico en general una mirada integral y al mismo tiempo sint\u00e9tica, sobre la historia, la cosmovisi\u00f3n y la situaci\u00f3n actual del pueblo mapuce en Argentina.\u00a0<\/span><\/p>\n","protected":false},"featured_media":6922,"template":"","meta":{"_acf_changed":false},"product_brand":[],"product_cat":[191,16],"product_tag":[21,47,22,48,49],"class_list":{"0":"post-6059","1":"product","2":"type-product","3":"status-publish","4":"has-post-thumbnail","6":"product_cat-de-interes-general","7":"product_cat-todos-los-libros","8":"product_tag-historia","9":"product_tag-interculturalidad","10":"product_tag-libros","11":"product_tag-mapuches","12":"product_tag-pueblos-originarios","14":"first","15":"instock","16":"featured","17":"shipping-taxable","18":"purchasable","19":"product-type-simple"},"acf":[],"_links":{"self":[{"href":"https:\/\/xn--ensearlapatagonia-ixb.com.ar\/sitio\/wp-json\/wp\/v2\/product\/6059","targetHints":{"allow":["GET"]}}],"collection":[{"href":"https:\/\/xn--ensearlapatagonia-ixb.com.ar\/sitio\/wp-json\/wp\/v2\/product"}],"about":[{"href":"https:\/\/xn--ensearlapatagonia-ixb.com.ar\/sitio\/wp-json\/wp\/v2\/types\/product"}],"version-history":[{"count":6,"href":"https:\/\/xn--ensearlapatagonia-ixb.com.ar\/sitio\/wp-json\/wp\/v2\/product\/6059\/revisions"}],"predecessor-version":[{"id":7477,"href":"https:\/\/xn--ensearlapatagonia-ixb.com.ar\/sitio\/wp-json\/wp\/v2\/product\/6059\/revisions\/7477"}],"wp:featuredmedia":[{"embeddable":true,"href":"https:\/\/xn--ensearlapatagonia-ixb.com.ar\/sitio\/wp-json\/wp\/v2\/media\/6922"}],"wp:attachment":[{"href":"https:\/\/xn--ensearlapatagonia-ixb.com.ar\/sitio\/wp-json\/wp\/v2\/media?parent=6059"}],"wp:term":[{"taxonomy":"product_brand","embeddable":true,"href":"https:\/\/xn--ensearlapatagonia-ixb.com.ar\/sitio\/wp-json\/wp\/v2\/product_brand?post=6059"},{"taxonomy":"product_cat","embeddable":true,"href":"https:\/\/xn--ensearlapatagonia-ixb.com.ar\/sitio\/wp-json\/wp\/v2\/product_cat?post=6059"},{"taxonomy":"product_tag","embeddable":true,"href":"https:\/\/xn--ensearlapatagonia-ixb.com.ar\/sitio\/wp-json\/wp\/v2\/product_tag?post=6059"}],"curies":[{"name":"wp","href":"https:\/\/api.w.org\/{rel}","templated":true}]}}