{"id":6055,"date":"2025-09-26T15:59:12","date_gmt":"2025-09-26T18:59:12","guid":{"rendered":"https:\/\/xn--ensearlapatagonia-ixb.com.ar\/sitio\/?post_type=product&#038;p=6055"},"modified":"2026-03-18T11:56:12","modified_gmt":"2026-03-18T14:56:12","slug":"rio-negro-temas-y-problemas","status":"publish","type":"product","link":"https:\/\/xn--ensearlapatagonia-ixb.com.ar\/sitio\/producto\/rio-negro-temas-y-problemas\/","title":{"rendered":"R\u00edo Negro, temas y problemas"},"content":{"rendered":"<p><span style=\"font-weight: 400;\">La provincia de R\u00edo Negro, su historia, sus distintas regiones y problemas actuales. El paisaje y los problemas ambientales: el alto valle, el valle medio, el valle inferior, la zona andina, el noreste, el noroeste, la l\u00ednea sur. La fragmentaci\u00f3n espacial. Los pueblos originarios: mapuches y tehuelches. El poblamiento del territorio despu\u00e9s las campa\u00f1as militares. La fruticultura. La relaci\u00f3n Estado-sociedad en R\u00edo Negro a trav\u00e9s de su historia.<\/span><\/p>\n","protected":false},"excerpt":{"rendered":"<p>La provincia de R\u00edo Negro, su historia, sus distintas regiones y problemas actuales. El paisaje y los problemas ambientales: el alto valle, el valle medio, el valle inferior, la zona andina, el noreste, el noroeste, la l\u00ednea sur. La fragmentaci\u00f3n espacial. Los pueblos originarios: mapuches y tehuelches. El poblamiento del territorio despu\u00e9s las campa\u00f1as militares. La fruticultura. La relaci\u00f3n Estado-sociedad en R\u00edo Negro a trav\u00e9s de su historia.<\/p>\n","protected":false},"featured_media":6072,"template":"","meta":{"_acf_changed":false},"product_brand":[],"product_cat":[182],"product_tag":[17,18,20,40],"class_list":{"0":"post-6055","1":"product","2":"type-product","3":"status-publish","4":"has-post-thumbnail","6":"product_cat-textos-escolares","7":"product_tag-educacion","8":"product_tag-libro","9":"product_tag-patagonia","10":"product_tag-rio-negro","12":"first","13":"instock","14":"shipping-taxable","15":"purchasable","16":"product-type-simple"},"acf":[],"_links":{"self":[{"href":"https:\/\/xn--ensearlapatagonia-ixb.com.ar\/sitio\/wp-json\/wp\/v2\/product\/6055","targetHints":{"allow":["GET"]}}],"collection":[{"href":"https:\/\/xn--ensearlapatagonia-ixb.com.ar\/sitio\/wp-json\/wp\/v2\/product"}],"about":[{"href":"https:\/\/xn--ensearlapatagonia-ixb.com.ar\/sitio\/wp-json\/wp\/v2\/types\/product"}],"version-history":[{"count":3,"href":"https:\/\/xn--ensearlapatagonia-ixb.com.ar\/sitio\/wp-json\/wp\/v2\/product\/6055\/revisions"}],"predecessor-version":[{"id":7960,"href":"https:\/\/xn--ensearlapatagonia-ixb.com.ar\/sitio\/wp-json\/wp\/v2\/product\/6055\/revisions\/7960"}],"wp:featuredmedia":[{"embeddable":true,"href":"https:\/\/xn--ensearlapatagonia-ixb.com.ar\/sitio\/wp-json\/wp\/v2\/media\/6072"}],"wp:attachment":[{"href":"https:\/\/xn--ensearlapatagonia-ixb.com.ar\/sitio\/wp-json\/wp\/v2\/media?parent=6055"}],"wp:term":[{"taxonomy":"product_brand","embeddable":true,"href":"https:\/\/xn--ensearlapatagonia-ixb.com.ar\/sitio\/wp-json\/wp\/v2\/product_brand?post=6055"},{"taxonomy":"product_cat","embeddable":true,"href":"https:\/\/xn--ensearlapatagonia-ixb.com.ar\/sitio\/wp-json\/wp\/v2\/product_cat?post=6055"},{"taxonomy":"product_tag","embeddable":true,"href":"https:\/\/xn--ensearlapatagonia-ixb.com.ar\/sitio\/wp-json\/wp\/v2\/product_tag?post=6055"}],"curies":[{"name":"wp","href":"https:\/\/api.w.org\/{rel}","templated":true}]}}