{"id":6054,"date":"2025-09-26T15:59:12","date_gmt":"2025-09-26T18:59:12","guid":{"rendered":"https:\/\/xn--ensearlapatagonia-ixb.com.ar\/sitio\/?post_type=product&#038;p=6054"},"modified":"2026-02-04T14:39:13","modified_gmt":"2026-02-04T17:39:13","slug":"megamineria-el-caso-esquel","status":"publish","type":"product","link":"https:\/\/xn--ensearlapatagonia-ixb.com.ar\/sitio\/producto\/megamineria-el-caso-esquel\/","title":{"rendered":"Megaminer\u00eda, el caso Esquel"},"content":{"rendered":"<p><img fetchpriority=\"high\" decoding=\"async\" class=\"alignnone size-medium wp-image-3624\" src=\"https:\/\/xn--ensearlapatagonia-ixb.com.ar\/sitio\/wp-content\/uploads\/Megaminer\u00eda-tapa-para-publicidad-1-213x300.jpg\" alt=\"\" width=\"213\" height=\"300\" \/><span style=\"font-weight: 400;\">Este cuadernillo cuenta una historia que ocurri\u00f3 en Esquel, en la provincia de Chubut, pero que se reitera en muchos pueblos de Argentina y el mundo. Una gran empresa minera intent\u00f3 realizar una explotaci\u00f3n a cielo abierto y esto gener\u00f3 un gran debate en la poblaci\u00f3n. Un material para convertir el aula en una asamblea.\u00a0<\/span><\/p>\n","protected":false},"excerpt":{"rendered":"<p>Este cuadernillo cuenta una historia que ocurri\u00f3 en Esquel, en la provincia de Chubut, pero que se reitera en muchos pueblos de Argentina y el mundo. Una gran empresa minera intent\u00f3 realizar una explotaci\u00f3n a cielo abierto y esto gener\u00f3 un gran debate en la poblaci\u00f3n. Un material para convertir el aula en una asamblea\u2026<\/p>\n","protected":false},"featured_media":6071,"template":"","meta":{"_acf_changed":false},"product_brand":[],"product_cat":[182],"product_tag":[17,18,39,20],"class_list":{"0":"post-6054","1":"product","2":"type-product","3":"status-publish","4":"has-post-thumbnail","6":"product_cat-textos-escolares","7":"product_tag-educacion","8":"product_tag-libro","9":"product_tag-megamineria","10":"product_tag-patagonia","12":"first","13":"instock","14":"shipping-taxable","15":"purchasable","16":"product-type-simple"},"acf":[],"_links":{"self":[{"href":"https:\/\/xn--ensearlapatagonia-ixb.com.ar\/sitio\/wp-json\/wp\/v2\/product\/6054","targetHints":{"allow":["GET"]}}],"collection":[{"href":"https:\/\/xn--ensearlapatagonia-ixb.com.ar\/sitio\/wp-json\/wp\/v2\/product"}],"about":[{"href":"https:\/\/xn--ensearlapatagonia-ixb.com.ar\/sitio\/wp-json\/wp\/v2\/types\/product"}],"version-history":[{"count":3,"href":"https:\/\/xn--ensearlapatagonia-ixb.com.ar\/sitio\/wp-json\/wp\/v2\/product\/6054\/revisions"}],"predecessor-version":[{"id":7644,"href":"https:\/\/xn--ensearlapatagonia-ixb.com.ar\/sitio\/wp-json\/wp\/v2\/product\/6054\/revisions\/7644"}],"wp:featuredmedia":[{"embeddable":true,"href":"https:\/\/xn--ensearlapatagonia-ixb.com.ar\/sitio\/wp-json\/wp\/v2\/media\/6071"}],"wp:attachment":[{"href":"https:\/\/xn--ensearlapatagonia-ixb.com.ar\/sitio\/wp-json\/wp\/v2\/media?parent=6054"}],"wp:term":[{"taxonomy":"product_brand","embeddable":true,"href":"https:\/\/xn--ensearlapatagonia-ixb.com.ar\/sitio\/wp-json\/wp\/v2\/product_brand?post=6054"},{"taxonomy":"product_cat","embeddable":true,"href":"https:\/\/xn--ensearlapatagonia-ixb.com.ar\/sitio\/wp-json\/wp\/v2\/product_cat?post=6054"},{"taxonomy":"product_tag","embeddable":true,"href":"https:\/\/xn--ensearlapatagonia-ixb.com.ar\/sitio\/wp-json\/wp\/v2\/product_tag?post=6054"}],"curies":[{"name":"wp","href":"https:\/\/api.w.org\/{rel}","templated":true}]}}