{"id":6053,"date":"2025-09-26T15:59:12","date_gmt":"2025-09-26T18:59:12","guid":{"rendered":"https:\/\/xn--ensearlapatagonia-ixb.com.ar\/sitio\/?post_type=product&#038;p=6053"},"modified":"2026-02-04T14:41:46","modified_gmt":"2026-02-04T17:41:46","slug":"clarita-del-sur-en-busca-de-la-machi-dorada","status":"publish","type":"product","link":"https:\/\/xn--ensearlapatagonia-ixb.com.ar\/sitio\/producto\/clarita-del-sur-en-busca-de-la-machi-dorada\/","title":{"rendered":"Clarita del Sur en busca de la Machi Dorada"},"content":{"rendered":"<p><span style=\"font-weight: 400;\">Clarita tiene 12 a\u00f1os y vive en el sur. Cursa s\u00e9ptimo grado y atraviesa una etapa de muchos cambios: despu\u00e9s de m\u00e1s de dos a\u00f1os de estar lejos, su mam\u00e1 decide volver de Puerto Madryn a Bariloche. Mientras tanto, todas las noches, su abuelo le sigue contando historias incre\u00edbles pero ciertas de la Patagonia\u2026 y de Argentina.<\/span><\/p>\n","protected":false},"excerpt":{"rendered":"<p>Clarita tiene 12 a\u00f1os y vive en el sur. Cursa s\u00e9ptimo grado y atraviesa una etapa de muchos cambios: despu\u00e9s de m\u00e1s de dos a\u00f1os de estar lejos, su mam\u00e1 decide volver de Puerto Madryn a Bariloche; su pap\u00e1 tiene novia, y la novia del pap\u00e1 tiene un hijo, -\u00bfun nuevo hermano?- se pregunta. \u00a0Mientras tanto, todas las noches, su abuelo le sigue contando historias incre\u00edbles pero ciertas de la Patagonia\u2026 y de Argentina.<\/p>\n","protected":false},"featured_media":6070,"template":"","meta":{"_acf_changed":false},"product_brand":[],"product_cat":[182],"product_tag":[17,21,22,20,23],"class_list":{"0":"post-6053","1":"product","2":"type-product","3":"status-publish","4":"has-post-thumbnail","6":"product_cat-textos-escolares","7":"product_tag-educacion","8":"product_tag-historia","9":"product_tag-libros","10":"product_tag-patagonia","11":"product_tag-relatos-patagonicos","13":"first","14":"instock","15":"shipping-taxable","16":"purchasable","17":"product-type-simple"},"acf":[],"_links":{"self":[{"href":"https:\/\/xn--ensearlapatagonia-ixb.com.ar\/sitio\/wp-json\/wp\/v2\/product\/6053","targetHints":{"allow":["GET"]}}],"collection":[{"href":"https:\/\/xn--ensearlapatagonia-ixb.com.ar\/sitio\/wp-json\/wp\/v2\/product"}],"about":[{"href":"https:\/\/xn--ensearlapatagonia-ixb.com.ar\/sitio\/wp-json\/wp\/v2\/types\/product"}],"version-history":[{"count":3,"href":"https:\/\/xn--ensearlapatagonia-ixb.com.ar\/sitio\/wp-json\/wp\/v2\/product\/6053\/revisions"}],"predecessor-version":[{"id":7642,"href":"https:\/\/xn--ensearlapatagonia-ixb.com.ar\/sitio\/wp-json\/wp\/v2\/product\/6053\/revisions\/7642"}],"wp:featuredmedia":[{"embeddable":true,"href":"https:\/\/xn--ensearlapatagonia-ixb.com.ar\/sitio\/wp-json\/wp\/v2\/media\/6070"}],"wp:attachment":[{"href":"https:\/\/xn--ensearlapatagonia-ixb.com.ar\/sitio\/wp-json\/wp\/v2\/media?parent=6053"}],"wp:term":[{"taxonomy":"product_brand","embeddable":true,"href":"https:\/\/xn--ensearlapatagonia-ixb.com.ar\/sitio\/wp-json\/wp\/v2\/product_brand?post=6053"},{"taxonomy":"product_cat","embeddable":true,"href":"https:\/\/xn--ensearlapatagonia-ixb.com.ar\/sitio\/wp-json\/wp\/v2\/product_cat?post=6053"},{"taxonomy":"product_tag","embeddable":true,"href":"https:\/\/xn--ensearlapatagonia-ixb.com.ar\/sitio\/wp-json\/wp\/v2\/product_tag?post=6053"}],"curies":[{"name":"wp","href":"https:\/\/api.w.org\/{rel}","templated":true}]}}