{"id":6052,"date":"2025-09-26T15:59:12","date_gmt":"2025-09-26T18:59:12","guid":{"rendered":"https:\/\/xn--ensearlapatagonia-ixb.com.ar\/sitio\/?post_type=product&#038;p=6052"},"modified":"2026-02-04T14:42:04","modified_gmt":"2026-02-04T17:42:04","slug":"clarita-del-sur-historias-increibles-pero-ciertas-de-la-patagonia","status":"publish","type":"product","link":"https:\/\/xn--ensearlapatagonia-ixb.com.ar\/sitio\/producto\/clarita-del-sur-historias-increibles-pero-ciertas-de-la-patagonia\/","title":{"rendered":"Clarita del Sur, historias incre\u00edbles pero ciertas de la Patagonia"},"content":{"rendered":"<p>Clarita tiene 11 a\u00f1os y sus padres se han separado. Su mam\u00e1 se traslad\u00f3 a Puerto Madryn y ella vive con su pap\u00e1, su t\u00eda y sus abuelos en un barrio de Bariloche.<\/p>\n<p>Cada noche, a la hora de dormir, mientras los d\u00edas pasan y Clarita crece, su abuelo le contar\u00e1 una historia incre\u00edble pero real de la Patagonia protagonizada por ni\u00f1os.<\/p>\n","protected":false},"excerpt":{"rendered":"<p>Clarita tiene 11 a\u00f1os y sus padres se han separado. Su mam\u00e1 se traslad\u00f3 a Puerto Madryn y ella vive con su pap\u00e1, su t\u00eda y sus abuelos en un barrio de Bariloche.<\/p>\n<p>Cada noche, a la hora de dormir, mientras los d\u00edas pasan y Clarita crece, su abuelo le contar\u00e1 una historia incre\u00edble pero real de la Patagonia protagonizada por ni\u00f1os.<\/p>\n","protected":false},"featured_media":6069,"template":"","meta":{"_acf_changed":false},"product_brand":[],"product_cat":[182],"product_tag":[17,21,22,20,23],"class_list":{"0":"post-6052","1":"product","2":"type-product","3":"status-publish","4":"has-post-thumbnail","6":"product_cat-textos-escolares","7":"product_tag-educacion","8":"product_tag-historia","9":"product_tag-libros","10":"product_tag-patagonia","11":"product_tag-relatos-patagonicos","13":"first","14":"instock","15":"shipping-taxable","16":"purchasable","17":"product-type-simple"},"acf":[],"_links":{"self":[{"href":"https:\/\/xn--ensearlapatagonia-ixb.com.ar\/sitio\/wp-json\/wp\/v2\/product\/6052","targetHints":{"allow":["GET"]}}],"collection":[{"href":"https:\/\/xn--ensearlapatagonia-ixb.com.ar\/sitio\/wp-json\/wp\/v2\/product"}],"about":[{"href":"https:\/\/xn--ensearlapatagonia-ixb.com.ar\/sitio\/wp-json\/wp\/v2\/types\/product"}],"version-history":[{"count":2,"href":"https:\/\/xn--ensearlapatagonia-ixb.com.ar\/sitio\/wp-json\/wp\/v2\/product\/6052\/revisions"}],"predecessor-version":[{"id":7378,"href":"https:\/\/xn--ensearlapatagonia-ixb.com.ar\/sitio\/wp-json\/wp\/v2\/product\/6052\/revisions\/7378"}],"wp:featuredmedia":[{"embeddable":true,"href":"https:\/\/xn--ensearlapatagonia-ixb.com.ar\/sitio\/wp-json\/wp\/v2\/media\/6069"}],"wp:attachment":[{"href":"https:\/\/xn--ensearlapatagonia-ixb.com.ar\/sitio\/wp-json\/wp\/v2\/media?parent=6052"}],"wp:term":[{"taxonomy":"product_brand","embeddable":true,"href":"https:\/\/xn--ensearlapatagonia-ixb.com.ar\/sitio\/wp-json\/wp\/v2\/product_brand?post=6052"},{"taxonomy":"product_cat","embeddable":true,"href":"https:\/\/xn--ensearlapatagonia-ixb.com.ar\/sitio\/wp-json\/wp\/v2\/product_cat?post=6052"},{"taxonomy":"product_tag","embeddable":true,"href":"https:\/\/xn--ensearlapatagonia-ixb.com.ar\/sitio\/wp-json\/wp\/v2\/product_tag?post=6052"}],"curies":[{"name":"wp","href":"https:\/\/api.w.org\/{rel}","templated":true}]}}