{"id":6051,"date":"2025-09-26T15:59:12","date_gmt":"2025-09-26T18:59:12","guid":{"rendered":"https:\/\/xn--ensearlapatagonia-ixb.com.ar\/sitio\/?post_type=product&#038;p=6051"},"modified":"2026-02-04T14:42:19","modified_gmt":"2026-02-04T17:42:19","slug":"neuquen-temas-y-problemas","status":"publish","type":"product","link":"https:\/\/xn--ensearlapatagonia-ixb.com.ar\/sitio\/producto\/neuquen-temas-y-problemas\/","title":{"rendered":"Neuqu\u00e9n &#8211; Temas y Problemas"},"content":{"rendered":"<p><span style=\"font-weight: 400;\">Un recorrido por la provincia de Neuqu\u00e9n, su historia y sus problemas actuales. La dependencia del petr\u00f3leo: una econom\u00eda de enclaves. Los pueblos originarios: de los primeros habitantes a la actualidad. Estado y sociedad: vivir en un Territorio Nacional. El poblamiento del territorio despu\u00e9s de la provincializaci\u00f3n: las grandes migraciones.<\/span><\/p>\n","protected":false},"excerpt":{"rendered":"<p>Un recorrido por la provincia de Neuqu\u00e9n, su historia y sus problemas actuales. La dependencia del petr\u00f3leo: una econom\u00eda de enclaves. Los pueblos originarios: de los primeros habitantes a la actualidad. Estado y sociedad: vivir en un Territorio Nacional. El poblamiento del territorio despu\u00e9s de la provincializaci\u00f3n: las grandes migraciones.<\/p>\n<p>&nbsp;<\/p>\n","protected":false},"featured_media":6068,"template":"","meta":{"_acf_changed":false},"product_brand":[],"product_cat":[182],"product_tag":[24,17,18,19,20],"class_list":{"0":"post-6051","1":"product","2":"type-product","3":"status-publish","4":"has-post-thumbnail","6":"product_cat-textos-escolares","7":"product_tag-ciencias-sociales","8":"product_tag-educacion","9":"product_tag-libro","10":"product_tag-neuquen","11":"product_tag-patagonia","13":"first","14":"instock","15":"shipping-taxable","16":"purchasable","17":"product-type-simple"},"acf":[],"_links":{"self":[{"href":"https:\/\/xn--ensearlapatagonia-ixb.com.ar\/sitio\/wp-json\/wp\/v2\/product\/6051","targetHints":{"allow":["GET"]}}],"collection":[{"href":"https:\/\/xn--ensearlapatagonia-ixb.com.ar\/sitio\/wp-json\/wp\/v2\/product"}],"about":[{"href":"https:\/\/xn--ensearlapatagonia-ixb.com.ar\/sitio\/wp-json\/wp\/v2\/types\/product"}],"version-history":[{"count":6,"href":"https:\/\/xn--ensearlapatagonia-ixb.com.ar\/sitio\/wp-json\/wp\/v2\/product\/6051\/revisions"}],"predecessor-version":[{"id":7375,"href":"https:\/\/xn--ensearlapatagonia-ixb.com.ar\/sitio\/wp-json\/wp\/v2\/product\/6051\/revisions\/7375"}],"wp:featuredmedia":[{"embeddable":true,"href":"https:\/\/xn--ensearlapatagonia-ixb.com.ar\/sitio\/wp-json\/wp\/v2\/media\/6068"}],"wp:attachment":[{"href":"https:\/\/xn--ensearlapatagonia-ixb.com.ar\/sitio\/wp-json\/wp\/v2\/media?parent=6051"}],"wp:term":[{"taxonomy":"product_brand","embeddable":true,"href":"https:\/\/xn--ensearlapatagonia-ixb.com.ar\/sitio\/wp-json\/wp\/v2\/product_brand?post=6051"},{"taxonomy":"product_cat","embeddable":true,"href":"https:\/\/xn--ensearlapatagonia-ixb.com.ar\/sitio\/wp-json\/wp\/v2\/product_cat?post=6051"},{"taxonomy":"product_tag","embeddable":true,"href":"https:\/\/xn--ensearlapatagonia-ixb.com.ar\/sitio\/wp-json\/wp\/v2\/product_tag?post=6051"}],"curies":[{"name":"wp","href":"https:\/\/api.w.org\/{rel}","templated":true}]}}