{"id":6049,"date":"2025-09-26T15:59:12","date_gmt":"2025-09-26T18:59:12","guid":{"rendered":"https:\/\/xn--ensearlapatagonia-ixb.com.ar\/sitio\/?post_type=product&#038;p=6049"},"modified":"2026-02-04T14:42:40","modified_gmt":"2026-02-04T17:42:40","slug":"patagonia-temas-y-problemas","status":"publish","type":"product","link":"https:\/\/xn--ensearlapatagonia-ixb.com.ar\/sitio\/producto\/patagonia-temas-y-problemas\/","title":{"rendered":"Patagonia: Temas y Problemas"},"content":{"rendered":"<p>Un libro que se propone ayudar a pensar integralmente la Patagonia en las aulas de escuelas primarias y medias. Sus p\u00e1ginas recorren todas las provincias patag\u00f3nicas: Neuqu\u00e9n, R\u00edo Negro, Chubut, Santa Cruz y Tierra del Fuego, desde los bosques y lagos cordilleranos hasta las ciudades de la costa atl\u00e1ntica: desde las chacras del alto valle del r\u00edo Negro hasta las bases argentinas en la Ant\u00e1rtida. Desde los primeros habitantes, hace 15000 a\u00f1os, hasta la actualidad.<\/p>\n","protected":false},"excerpt":{"rendered":"<p><span style=\"font-weight: 400;\">Un libro que se propone ayudar a pensar integralmente la Patagonia en las aulas de escuelas primarias y medias. <\/span><\/p>\n<p><span style=\"font-weight: 400;\">Sus p\u00e1ginas recorren todas las provincias patag\u00f3nicas: Neuqu\u00e9n, R\u00edo Negro, Chubut, Santa Cruz y Tierra del Fuego, desde los bosques y lagos cordilleranos hasta las ciudades de la costa atl\u00e1ntica: desde las chacras del alto valle del r\u00edo Negro hasta las bases argentinas en la Ant\u00e1rtida. Desde los primeros habitantes, hace 15000 a\u00f1os, hasta la actualidad.<\/span><\/p>\n","protected":false},"featured_media":6066,"template":"","meta":{"_acf_changed":false},"product_brand":[],"product_cat":[182],"product_tag":[24,17,18,20],"class_list":{"0":"post-6049","1":"product","2":"type-product","3":"status-publish","4":"has-post-thumbnail","6":"product_cat-textos-escolares","7":"product_tag-ciencias-sociales","8":"product_tag-educacion","9":"product_tag-libro","10":"product_tag-patagonia","12":"first","13":"instock","14":"shipping-taxable","15":"purchasable","16":"product-type-simple"},"acf":[],"_links":{"self":[{"href":"https:\/\/xn--ensearlapatagonia-ixb.com.ar\/sitio\/wp-json\/wp\/v2\/product\/6049","targetHints":{"allow":["GET"]}}],"collection":[{"href":"https:\/\/xn--ensearlapatagonia-ixb.com.ar\/sitio\/wp-json\/wp\/v2\/product"}],"about":[{"href":"https:\/\/xn--ensearlapatagonia-ixb.com.ar\/sitio\/wp-json\/wp\/v2\/types\/product"}],"version-history":[{"count":5,"href":"https:\/\/xn--ensearlapatagonia-ixb.com.ar\/sitio\/wp-json\/wp\/v2\/product\/6049\/revisions"}],"predecessor-version":[{"id":7641,"href":"https:\/\/xn--ensearlapatagonia-ixb.com.ar\/sitio\/wp-json\/wp\/v2\/product\/6049\/revisions\/7641"}],"wp:featuredmedia":[{"embeddable":true,"href":"https:\/\/xn--ensearlapatagonia-ixb.com.ar\/sitio\/wp-json\/wp\/v2\/media\/6066"}],"wp:attachment":[{"href":"https:\/\/xn--ensearlapatagonia-ixb.com.ar\/sitio\/wp-json\/wp\/v2\/media?parent=6049"}],"wp:term":[{"taxonomy":"product_brand","embeddable":true,"href":"https:\/\/xn--ensearlapatagonia-ixb.com.ar\/sitio\/wp-json\/wp\/v2\/product_brand?post=6049"},{"taxonomy":"product_cat","embeddable":true,"href":"https:\/\/xn--ensearlapatagonia-ixb.com.ar\/sitio\/wp-json\/wp\/v2\/product_cat?post=6049"},{"taxonomy":"product_tag","embeddable":true,"href":"https:\/\/xn--ensearlapatagonia-ixb.com.ar\/sitio\/wp-json\/wp\/v2\/product_tag?post=6049"}],"curies":[{"name":"wp","href":"https:\/\/api.w.org\/{rel}","templated":true}]}}